{"id":29790,"date":"2023-05-15T15:02:18","date_gmt":"2023-05-15T13:02:18","guid":{"rendered":"https:\/\/ri-sante.ch\/news\/"},"modified":"2023-06-02T12:05:37","modified_gmt":"2023-06-02T10:05:37","slug":"news","status":"publish","type":"page","link":"https:\/\/ri-sante.ch\/en\/news\/","title":{"rendered":"News"},"content":{"rendered":"<p>[et_pb_section fb_built=&#8221;1&#8243; admin_label=&#8221;Hero&#8221; _builder_version=&#8221;4.20.4&#8243; custom_padding=&#8221;0|0px|50px|0px|false|false&#8221; bottom_divider_height=&#8221;0px&#8221; border_color_bottom=&#8221;#efefef&#8221; global_colors_info=&#8221;{}&#8221;][et_pb_row column_structure=&#8221;1_2,1_2&#8243; _builder_version=&#8221;4.20.4&#8243; width=&#8221;100%&#8221; max_width=&#8221;100%&#8221; custom_margin=&#8221;|||&#8221; custom_margin_tablet=&#8221;||0px|&#8221; custom_margin_phone=&#8221;&#8221; custom_margin_last_edited=&#8221;on|desktop&#8221; hover_enabled=&#8221;0&#8243; use_custom_width=&#8221;on&#8221; width_unit=&#8221;off&#8221; custom_width_percent=&#8221;100%&#8221; global_colors_info=&#8221;{}&#8221; disabled_on=&#8221;off|off|on&#8221; sticky_enabled=&#8221;0&#8243; custom_padding=&#8221;0px||0px||false|false&#8221;][et_pb_column type=&#8221;1_2&#8243; _builder_version=&#8221;4.16&#8243; custom_padding=&#8221;6%||6%|12%&#8221; custom_padding_tablet=&#8221;50px|50px|50px|50px&#8221; custom_padding_phone=&#8221;50px|50px|50px|50px&#8221; custom_padding_last_edited=&#8221;on|tablet&#8221; global_colors_info=&#8221;{}&#8221; padding_tablet=&#8221;50px|50px|50px|50px&#8221; padding_last_edited=&#8221;on|tablet&#8221; custom_padding__hover=&#8221;|||&#8221; padding_phone=&#8221;50px|50px|50px|50px&#8221;][\/et_pb_column][et_pb_column type=&#8221;1_2&#8243; _builder_version=&#8221;4.16&#8243; custom_padding=&#8221;|||&#8221; global_colors_info=&#8221;{}&#8221; custom_padding__hover=&#8221;|||&#8221;][et_pb_image src=&#8221;https:\/\/ri-sante.ch\/wp-content\/uploads\/2023\/05\/iStock-925256780.jpg&#8221; title_text=&#8221;Group of business people&#8221; force_fullwidth=&#8221;on&#8221; align_tablet=&#8221;center&#8221; align_phone=&#8221;center&#8221; align_last_edited=&#8221;on|desktop&#8221; _builder_version=&#8221;4.20.4&#8243; custom_margin=&#8221;|||&#8221; custom_padding=&#8221;|||30px|false|false&#8221; animation_style=&#8221;slide&#8221; animation_direction=&#8221;right&#8221; animation_intensity_slide=&#8221;5%&#8221; hover_enabled=&#8221;0&#8243; border_radii=&#8221;||||30vw&#8221; border_color_all=&#8221;#2f318c&#8221; border_width_bottom=&#8221;4px&#8221; border_width_left=&#8221;2vw&#8221; box_shadow_style=&#8221;preset4&#8243; box_shadow_horizontal=&#8221;-25px&#8221; box_shadow_vertical=&#8221;0px&#8221; box_shadow_color=&#8221;#d3cbed&#8221; global_colors_info=&#8221;{}&#8221; sticky_enabled=&#8221;0&#8243;][\/et_pb_image][\/et_pb_column][\/et_pb_row][et_pb_row _builder_version=&#8221;4.20.4&#8243; _module_preset=&#8221;default&#8221; disabled_on=&#8221;off|off|on&#8221;][et_pb_column _builder_version=&#8221;4.20.4&#8243; _module_preset=&#8221;default&#8221; type=&#8221;4_4&#8243;][et_pb_icon font_icon=&#8221;&#xf1ea;||fa||400&#8243; icon_color=&#8221;#AF76ED&#8221; icon_width=&#8221;55px&#8221; _builder_version=&#8221;4.20.4&#8243; _module_preset=&#8221;default&#8221; custom_margin=&#8221;0px||0px||true|false&#8221; hover_enabled=&#8221;0&#8243; global_colors_info=&#8221;{}&#8221; custom_padding=&#8221;25px||||false|false&#8221; sticky_enabled=&#8221;0&#8243;][\/et_pb_icon][et_pb_text _builder_version=&#8221;4.20.4&#8243; _module_preset=&#8221;default&#8221; hover_enabled=&#8221;0&#8243; sticky_enabled=&#8221;0&#8243; header_font_size=&#8221;55px&#8221; header_letter_spacing=&#8221;2px&#8221; custom_padding=&#8221;25px||||false|false&#8221;]<\/p>\n<h1 style=\"text-align: center;\">News<\/h1>\n<p>[\/et_pb_text][et_pb_text _builder_version=&#8221;4.20.4&#8243; _module_preset=&#8221;default&#8221; hover_enabled=&#8221;0&#8243; sticky_enabled=&#8221;0&#8243; text_font=&#8221;Montserrat||||||||&#8221; text_font_size=&#8221;16px&#8221;]<\/p>\n<p style=\"text-align: center;\">Discover our latest news and resources.<\/p>\n<p>[\/et_pb_text][et_pb_search button_color=&#8221;#af76ed&#8221; _builder_version=&#8221;4.20.4&#8243; _module_preset=&#8221;default&#8221; button_font=&#8221;||||||||&#8221; button_text_color=&#8221;#FFFFFF&#8221; module_alignment=&#8221;center&#8221; custom_margin=&#8221;45px|||||&#8221; hover_enabled=&#8221;0&#8243; border_radii=&#8221;on|10px|10px|10px|10px&#8221; global_colors_info=&#8221;{}&#8221; sticky_enabled=&#8221;0&#8243; max_width=&#8221;80%&#8221;][\/et_pb_search][\/et_pb_column][\/et_pb_row][et_pb_row column_structure=&#8221;1_2,1_2&#8243; _builder_version=&#8221;4.20.4&#8243; width=&#8221;100%&#8221; max_width=&#8221;100%&#8221; custom_margin=&#8221;|||&#8221; custom_margin_tablet=&#8221;||0px|&#8221; custom_margin_phone=&#8221;&#8221; custom_margin_last_edited=&#8221;on|desktop&#8221; hover_enabled=&#8221;0&#8243; use_custom_width=&#8221;on&#8221; width_unit=&#8221;off&#8221; custom_width_percent=&#8221;100%&#8221; global_colors_info=&#8221;{}&#8221; sticky_enabled=&#8221;0&#8243; custom_padding=&#8221;0px||0px||false|false&#8221; disabled_on=&#8221;on|on|off&#8221;][et_pb_column type=&#8221;1_2&#8243; _builder_version=&#8221;4.16&#8243; custom_padding=&#8221;6%||6%|12%&#8221; custom_padding_tablet=&#8221;50px|50px|50px|50px&#8221; custom_padding_phone=&#8221;50px|50px|50px|50px&#8221; custom_padding_last_edited=&#8221;on|tablet&#8221; global_colors_info=&#8221;{}&#8221; padding_tablet=&#8221;50px|50px|50px|50px&#8221; padding_last_edited=&#8221;on|tablet&#8221; custom_padding__hover=&#8221;|||&#8221; padding_phone=&#8221;50px|50px|50px|50px&#8221;][et_pb_icon font_icon=&#8221;&#xf1ea;||fa||400&#8243; icon_color=&#8221;#AF76ED&#8221; icon_width=&#8221;55px&#8221; _builder_version=&#8221;4.20.4&#8243; _module_preset=&#8221;default&#8221; custom_margin=&#8221;0px||0px||true|false&#8221; global_colors_info=&#8221;{}&#8221;][\/et_pb_icon][et_pb_text _builder_version=&#8221;4.20.4&#8243; text_font=&#8221;Montserrat|300|||||||&#8221; text_text_color=&#8221;#677a92&#8243; text_font_size=&#8221;16px&#8221; header_font=&#8221;||||||||&#8221; header_text_color=&#8221;#333333&#8243; header_font_size=&#8221;55px&#8221; header_letter_spacing=&#8221;2px&#8221; header_2_font=&#8221;||||||||&#8221; text_orientation=&#8221;center&#8221; max_width=&#8221;600px&#8221; custom_margin=&#8221;25px||||false|false&#8221; custom_margin_tablet=&#8221;0px|50px||50px&#8221; custom_margin_phone=&#8221;|20px||&#8221; custom_margin_last_edited=&#8221;off|desktop&#8221; custom_padding=&#8221;|||&#8221; hover_enabled=&#8221;0&#8243; text_line_height_tablet=&#8221;1.8em&#8221; text_line_height_phone=&#8221;1.8em&#8221; text_line_height_last_edited=&#8221;on|phone&#8221; header_font_size_tablet=&#8221;&#8221; header_font_size_phone=&#8221;36px&#8221; header_font_size_last_edited=&#8221;on|phone&#8221; header_2_font_size_phone=&#8221;30px&#8221; header_2_font_size_last_edited=&#8221;off|desktop&#8221; locked=&#8221;off&#8221; global_colors_info=&#8221;{}&#8221; sticky_enabled=&#8221;0&#8243;]<\/p>\n<h1>News<\/h1>\n<p>[\/et_pb_text][et_pb_text _builder_version=&#8221;4.20.4&#8243; text_font=&#8221;Montserrat||||||||&#8221; text_text_color=&#8221;#898989&#8243; text_font_size=&#8221;16px&#8221; link_font=&#8221;||||||||&#8221; ul_font=&#8221;||||||||&#8221; ol_font=&#8221;||||||||&#8221; quote_font=&#8221;||||||||&#8221; header_font=&#8221;||||||||&#8221; header_2_font=&#8221;Montserrat|300|||||||&#8221; header_2_text_color=&#8221;#212d3b&#8221; header_2_font_size=&#8221;40px&#8221; header_2_line_height=&#8221;1.5em&#8221; text_orientation=&#8221;center&#8221; max_width=&#8221;600px&#8221; custom_margin=&#8221;|||&#8221; custom_margin_tablet=&#8221;0px|50px||50px&#8221; custom_margin_last_edited=&#8221;off|desktop&#8221; custom_padding=&#8221;|||&#8221; hover_enabled=&#8221;0&#8243; locked=&#8221;off&#8221; global_colors_info=&#8221;{}&#8221; sticky_enabled=&#8221;0&#8243;]<\/p>\n<p>Discover our latest news and resources.<\/p>\n<p>[\/et_pb_text][et_pb_search button_color=&#8221;#af76ed&#8221; _builder_version=&#8221;4.20.4&#8243; _module_preset=&#8221;default&#8221; button_font=&#8221;||||||||&#8221; button_text_color=&#8221;#FFFFFF&#8221; max_width=&#8221;83%&#8221; module_alignment=&#8221;center&#8221; custom_margin=&#8221;45px|||||&#8221; hover_enabled=&#8221;0&#8243; border_radii=&#8221;on|10px|10px|10px|10px&#8221; global_colors_info=&#8221;{}&#8221; sticky_enabled=&#8221;0&#8243;][\/et_pb_search][\/et_pb_column][et_pb_column type=&#8221;1_2&#8243; _builder_version=&#8221;4.16&#8243; custom_padding=&#8221;|||&#8221; global_colors_info=&#8221;{}&#8221; custom_padding__hover=&#8221;|||&#8221;][et_pb_image src=&#8221;https:\/\/ri-sante.ch\/wp-content\/uploads\/2023\/05\/iStock-925256780.jpg&#8221; title_text=&#8221;Group of business people&#8221; force_fullwidth=&#8221;on&#8221; align_tablet=&#8221;center&#8221; align_phone=&#8221;center&#8221; align_last_edited=&#8221;on|desktop&#8221; _builder_version=&#8221;4.20.4&#8243; custom_margin=&#8221;|||&#8221; custom_padding=&#8221;|||&#8221; animation_style=&#8221;slide&#8221; animation_direction=&#8221;right&#8221; animation_intensity_slide=&#8221;5%&#8221; border_radii=&#8221;||||30vw&#8221; border_color_all=&#8221;#2f318c&#8221; border_width_bottom=&#8221;4px&#8221; border_width_left=&#8221;2vw&#8221; box_shadow_style=&#8221;preset4&#8243; box_shadow_horizontal=&#8221;-25px&#8221; box_shadow_vertical=&#8221;0px&#8221; box_shadow_color=&#8221;#d3cbed&#8221; global_colors_info=&#8221;{}&#8221; disabled_on=&#8221;on|on|off&#8221;][\/et_pb_image][\/et_pb_column][\/et_pb_row][\/et_pb_section][et_pb_section fb_built=&#8221;1&#8243; _builder_version=&#8221;4.20.4&#8243; _module_preset=&#8221;default&#8221; custom_padding=&#8221;0px||100px|||&#8221; global_colors_info=&#8221;{}&#8221;][et_pb_row _builder_version=&#8221;4.20.4&#8243; _module_preset=&#8221;default&#8221; global_colors_info=&#8221;{}&#8221;][et_pb_column type=&#8221;4_4&#8243; _builder_version=&#8221;4.20.4&#8243; _module_preset=&#8221;default&#8221; global_colors_info=&#8221;{}&#8221;][et_pb_blog fullwidth=&#8221;off&#8221; include_categories=&#8221;all&#8221; excerpt_length=&#8221;250&#8243; show_more=&#8221;on&#8221; show_author=&#8221;off&#8221; use_overlay=&#8221;on&#8221; hover_overlay_color=&#8221;rgba(47,49,140,0.57)&#8221; hover_icon=&#8221;\uf530||fa||900&#8243; _builder_version=&#8221;4.20.4&#8243; _module_preset=&#8221;default&#8221; header_text_color=&#8221;#2f318c&#8221; header_font_size=&#8221;20px&#8221; header_line_height=&#8221;1.2em&#8221; meta_text_color=&#8221;rgba(47,49,140,0.61)&#8221; meta_line_height=&#8221;3em&#8221; read_more_font=&#8221;||||||||&#8221; animation_style=&#8221;fade&#8221; hover_enabled=&#8221;0&#8243; border_radii=&#8221;on|20px|20px|20px|20px&#8221; border_color_all=&#8221;rgba(175,118,237,0.77)&#8221; box_shadow_style=&#8221;preset3&#8243; box_shadow_color=&#8221;#898989&#8243; global_colors_info=&#8221;{}&#8221; sticky_enabled=&#8221;0&#8243;][\/et_pb_blog][\/et_pb_column][\/et_pb_row][\/et_pb_section][et_pb_section fb_built=&#8221;1&#8243; _builder_version=&#8221;4.20.4&#8243; _module_preset=&#8221;default&#8221; bottom_divider_style=&#8221;mountains2&#8243; bottom_divider_color=&#8221;#2f318c&#8221; global_colors_info=&#8221;{}&#8221;][\/et_pb_section]<\/p>\n","protected":false},"excerpt":{"rendered":"<p>NewsDiscover our latest news and resources.NewsDiscover our latest news and resources.<\/p>\n","protected":false},"author":1,"featured_media":0,"parent":0,"menu_order":0,"comment_status":"closed","ping_status":"closed","template":"","meta":{"_et_pb_use_builder":"on","_et_pb_old_content":"","_et_gb_content_width":"","footnotes":""},"class_list":["post-29790","page","type-page","status-publish","hentry"],"yoast_head":"<!-- This site is optimized with the Yoast SEO plugin v27.3 - https:\/\/yoast.com\/product\/yoast-seo-wordpress\/ -->\n<title>News - R\u00e9seau Interdisciplinaire de Sant\u00e9 (RISA)<\/title>\n<meta name=\"robots\" content=\"index, follow, max-snippet:-1, max-image-preview:large, max-video-preview:-1\" \/>\n<link rel=\"canonical\" href=\"https:\/\/ri-sante.ch\/en\/news\/\" \/>\n<meta property=\"og:locale\" content=\"en_US\" \/>\n<meta property=\"og:type\" content=\"article\" \/>\n<meta property=\"og:title\" content=\"News - R\u00e9seau Interdisciplinaire de Sant\u00e9 (RISA)\" \/>\n<meta property=\"og:description\" content=\"NewsDiscover our latest news and resources.NewsDiscover our latest news and resources.\" \/>\n<meta property=\"og:url\" content=\"https:\/\/ri-sante.ch\/en\/news\/\" \/>\n<meta property=\"og:site_name\" content=\"R\u00e9seau Interdisciplinaire de Sant\u00e9 (RISA)\" \/>\n<meta property=\"article:modified_time\" content=\"2023-06-02T10:05:37+00:00\" \/>\n<meta name=\"twitter:card\" content=\"summary_large_image\" \/>\n<meta name=\"twitter:label1\" content=\"Est. reading time\" \/>\n\t<meta name=\"twitter:data1\" content=\"5 minutes\" \/>\n<script type=\"application\/ld+json\" class=\"yoast-schema-graph\">{\"@context\":\"https:\\\/\\\/schema.org\",\"@graph\":[{\"@type\":\"WebPage\",\"@id\":\"https:\\\/\\\/ri-sante.ch\\\/en\\\/news\\\/\",\"url\":\"https:\\\/\\\/ri-sante.ch\\\/en\\\/news\\\/\",\"name\":\"News - R\u00e9seau Interdisciplinaire de Sant\u00e9 (RISA)\",\"isPartOf\":{\"@id\":\"https:\\\/\\\/ri-sante.ch\\\/en\\\/#website\"},\"datePublished\":\"2023-05-15T13:02:18+00:00\",\"dateModified\":\"2023-06-02T10:05:37+00:00\",\"breadcrumb\":{\"@id\":\"https:\\\/\\\/ri-sante.ch\\\/en\\\/news\\\/#breadcrumb\"},\"inLanguage\":\"en-US\",\"potentialAction\":[{\"@type\":\"ReadAction\",\"target\":[\"https:\\\/\\\/ri-sante.ch\\\/en\\\/news\\\/\"]}]},{\"@type\":\"BreadcrumbList\",\"@id\":\"https:\\\/\\\/ri-sante.ch\\\/en\\\/news\\\/#breadcrumb\",\"itemListElement\":[{\"@type\":\"ListItem\",\"position\":1,\"name\":\"Home\",\"item\":\"https:\\\/\\\/ri-sante.ch\\\/en\\\/home\\\/\"},{\"@type\":\"ListItem\",\"position\":2,\"name\":\"News\"}]},{\"@type\":\"WebSite\",\"@id\":\"https:\\\/\\\/ri-sante.ch\\\/en\\\/#website\",\"url\":\"https:\\\/\\\/ri-sante.ch\\\/en\\\/\",\"name\":\"R\u00e9seau Interdisciplinaire de Sant\u00e9 (RISA)\",\"description\":\"RISA - L&#039;expertise de la m\u00e9decine int\u00e9grative pour une sant\u00e9 globale optimale.\",\"publisher\":{\"@id\":\"https:\\\/\\\/ri-sante.ch\\\/en\\\/#organization\"},\"potentialAction\":[{\"@type\":\"SearchAction\",\"target\":{\"@type\":\"EntryPoint\",\"urlTemplate\":\"https:\\\/\\\/ri-sante.ch\\\/en\\\/?s={search_term_string}\"},\"query-input\":{\"@type\":\"PropertyValueSpecification\",\"valueRequired\":true,\"valueName\":\"search_term_string\"}}],\"inLanguage\":\"en-US\"},{\"@type\":\"Organization\",\"@id\":\"https:\\\/\\\/ri-sante.ch\\\/en\\\/#organization\",\"name\":\"R\u00e9seau Interdisciplinaire de Sant\u00e9 (RISA)\",\"alternateName\":\"R\u00e9seau Interdisciplinaire de Sant\u00e9 (RISA)\",\"url\":\"https:\\\/\\\/ri-sante.ch\\\/en\\\/\",\"logo\":{\"@type\":\"ImageObject\",\"inLanguage\":\"en-US\",\"@id\":\"https:\\\/\\\/ri-sante.ch\\\/en\\\/#\\\/schema\\\/logo\\\/image\\\/\",\"url\":\"https:\\\/\\\/ri-sante.ch\\\/wp-content\\\/uploads\\\/2023\\\/05\\\/Screenshot-2023-04-14-at-10.37.51.png\",\"contentUrl\":\"https:\\\/\\\/ri-sante.ch\\\/wp-content\\\/uploads\\\/2023\\\/05\\\/Screenshot-2023-04-14-at-10.37.51.png\",\"width\":516,\"height\":240,\"caption\":\"R\u00e9seau Interdisciplinaire de Sant\u00e9 (RISA)\"},\"image\":{\"@id\":\"https:\\\/\\\/ri-sante.ch\\\/en\\\/#\\\/schema\\\/logo\\\/image\\\/\"}}]}<\/script>\n<!-- \/ Yoast SEO plugin. -->","yoast_head_json":{"title":"News - R\u00e9seau Interdisciplinaire de Sant\u00e9 (RISA)","robots":{"index":"index","follow":"follow","max-snippet":"max-snippet:-1","max-image-preview":"max-image-preview:large","max-video-preview":"max-video-preview:-1"},"canonical":"https:\/\/ri-sante.ch\/en\/news\/","og_locale":"en_US","og_type":"article","og_title":"News - R\u00e9seau Interdisciplinaire de Sant\u00e9 (RISA)","og_description":"NewsDiscover our latest news and resources.NewsDiscover our latest news and resources.","og_url":"https:\/\/ri-sante.ch\/en\/news\/","og_site_name":"R\u00e9seau Interdisciplinaire de Sant\u00e9 (RISA)","article_modified_time":"2023-06-02T10:05:37+00:00","twitter_card":"summary_large_image","twitter_misc":{"Est. reading time":"5 minutes"},"schema":{"@context":"https:\/\/schema.org","@graph":[{"@type":"WebPage","@id":"https:\/\/ri-sante.ch\/en\/news\/","url":"https:\/\/ri-sante.ch\/en\/news\/","name":"News - R\u00e9seau Interdisciplinaire de Sant\u00e9 (RISA)","isPartOf":{"@id":"https:\/\/ri-sante.ch\/en\/#website"},"datePublished":"2023-05-15T13:02:18+00:00","dateModified":"2023-06-02T10:05:37+00:00","breadcrumb":{"@id":"https:\/\/ri-sante.ch\/en\/news\/#breadcrumb"},"inLanguage":"en-US","potentialAction":[{"@type":"ReadAction","target":["https:\/\/ri-sante.ch\/en\/news\/"]}]},{"@type":"BreadcrumbList","@id":"https:\/\/ri-sante.ch\/en\/news\/#breadcrumb","itemListElement":[{"@type":"ListItem","position":1,"name":"Home","item":"https:\/\/ri-sante.ch\/en\/home\/"},{"@type":"ListItem","position":2,"name":"News"}]},{"@type":"WebSite","@id":"https:\/\/ri-sante.ch\/en\/#website","url":"https:\/\/ri-sante.ch\/en\/","name":"R\u00e9seau Interdisciplinaire de Sant\u00e9 (RISA)","description":"RISA - L&#039;expertise de la m\u00e9decine int\u00e9grative pour une sant\u00e9 globale optimale.","publisher":{"@id":"https:\/\/ri-sante.ch\/en\/#organization"},"potentialAction":[{"@type":"SearchAction","target":{"@type":"EntryPoint","urlTemplate":"https:\/\/ri-sante.ch\/en\/?s={search_term_string}"},"query-input":{"@type":"PropertyValueSpecification","valueRequired":true,"valueName":"search_term_string"}}],"inLanguage":"en-US"},{"@type":"Organization","@id":"https:\/\/ri-sante.ch\/en\/#organization","name":"R\u00e9seau Interdisciplinaire de Sant\u00e9 (RISA)","alternateName":"R\u00e9seau Interdisciplinaire de Sant\u00e9 (RISA)","url":"https:\/\/ri-sante.ch\/en\/","logo":{"@type":"ImageObject","inLanguage":"en-US","@id":"https:\/\/ri-sante.ch\/en\/#\/schema\/logo\/image\/","url":"https:\/\/ri-sante.ch\/wp-content\/uploads\/2023\/05\/Screenshot-2023-04-14-at-10.37.51.png","contentUrl":"https:\/\/ri-sante.ch\/wp-content\/uploads\/2023\/05\/Screenshot-2023-04-14-at-10.37.51.png","width":516,"height":240,"caption":"R\u00e9seau Interdisciplinaire de Sant\u00e9 (RISA)"},"image":{"@id":"https:\/\/ri-sante.ch\/en\/#\/schema\/logo\/image\/"}}]}},"_links":{"self":[{"href":"https:\/\/ri-sante.ch\/en\/wp-json\/wp\/v2\/pages\/29790","targetHints":{"allow":["GET"]}}],"collection":[{"href":"https:\/\/ri-sante.ch\/en\/wp-json\/wp\/v2\/pages"}],"about":[{"href":"https:\/\/ri-sante.ch\/en\/wp-json\/wp\/v2\/types\/page"}],"author":[{"embeddable":true,"href":"https:\/\/ri-sante.ch\/en\/wp-json\/wp\/v2\/users\/1"}],"replies":[{"embeddable":true,"href":"https:\/\/ri-sante.ch\/en\/wp-json\/wp\/v2\/comments?post=29790"}],"version-history":[{"count":2,"href":"https:\/\/ri-sante.ch\/en\/wp-json\/wp\/v2\/pages\/29790\/revisions"}],"predecessor-version":[{"id":29792,"href":"https:\/\/ri-sante.ch\/en\/wp-json\/wp\/v2\/pages\/29790\/revisions\/29792"}],"wp:attachment":[{"href":"https:\/\/ri-sante.ch\/en\/wp-json\/wp\/v2\/media?parent=29790"}],"curies":[{"name":"wp","href":"https:\/\/api.w.org\/{rel}","templated":true}]}}