{"id":29785,"date":"2023-05-01T10:52:17","date_gmt":"2023-05-01T08:52:17","guid":{"rendered":"https:\/\/ri-sante.ch\/our-charter\/"},"modified":"2023-06-05T22:23:05","modified_gmt":"2023-06-05T20:23:05","slug":"our-charter","status":"publish","type":"page","link":"https:\/\/ri-sante.ch\/en\/our-charter\/","title":{"rendered":"Our charter"},"content":{"rendered":"<p>[et_pb_section fb_built=&#8221;1&#8243; _builder_version=&#8221;4.20.4&#8243; _module_preset=&#8221;default&#8221; use_background_color_gradient=&#8221;on&#8221; background_color_gradient_stops=&#8221;rgba(96,49,237,0.77) 0%|rgba(189,173,237,0.76) 100%&#8221; background_color_gradient_overlays_image=&#8221;on&#8221; background_image=&#8221;https:\/\/ri-sante.ch\/wp-content\/uploads\/2023\/04\/doctor-15.jpg&#8221; custom_padding=&#8221;40px||50px||false|false&#8221; hover_enabled=&#8221;0&#8243; global_colors_info=&#8221;{}&#8221; bottom_divider_style=&#8221;arrow2&#8243; bottom_divider_height=&#8221;80px&#8221; sticky_enabled=&#8221;0&#8243; next_background_color=&#8221;#ffffff&#8221;][et_pb_row _builder_version=&#8221;4.20.4&#8243; _module_preset=&#8221;default&#8221; global_colors_info=&#8221;{}&#8221;][et_pb_column type=&#8221;4_4&#8243; _builder_version=&#8221;4.20.4&#8243; _module_preset=&#8221;default&#8221; global_colors_info=&#8221;{}&#8221;][et_pb_icon _builder_version=&#8221;4.20.4&#8243; _module_preset=&#8221;default&#8221; font_icon=&#8221;&#xf477;||fa||900&#8243; icon_width=&#8221;61px&#8221; hover_enabled=&#8221;0&#8243; sticky_enabled=&#8221;0&#8243;][\/et_pb_icon][et_pb_text _builder_version=&#8221;4.20.4&#8243; _module_preset=&#8221;default&#8221; header_text_align=&#8221;center&#8221; header_text_color=&#8221;#FFFFFF&#8221; header_font_size=&#8221;56px&#8221; custom_margin=&#8221;0px||0px||false|false&#8221; custom_padding=&#8221;0px||0px||false|false&#8221; global_colors_info=&#8221;{}&#8221;]<\/p>\n<h1>RISA&#8217;s<\/h1>\n<h1>Ethics charter<\/h1>\n<p>[\/et_pb_text][\/et_pb_column][\/et_pb_row][\/et_pb_section][et_pb_section fb_built=&#8221;1&#8243; _builder_version=&#8221;4.20.4&#8243; _module_preset=&#8221;default&#8221; custom_padding=&#8221;21px|||||&#8221; bottom_divider_style=&#8221;ramp2&#8243; bottom_divider_color=&#8221;#2f318c&#8221; bottom_divider_height=&#8221;80px&#8221; bottom_divider_flip=&#8221;horizontal&#8221; global_colors_info=&#8221;{}&#8221;][et_pb_row _builder_version=&#8221;4.20.4&#8243; _module_preset=&#8221;default&#8221; hover_enabled=&#8221;0&#8243; global_colors_info=&#8221;{}&#8221; custom_padding=&#8221;||140px||false|false&#8221; sticky_enabled=&#8221;0&#8243;][et_pb_column type=&#8221;4_4&#8243; _builder_version=&#8221;4.20.4&#8243; _module_preset=&#8221;default&#8221; global_colors_info=&#8221;{}&#8221;][et_pb_text _builder_version=&#8221;4.20.4&#8243; _module_preset=&#8221;default&#8221; background_color=&#8221;#f5edfe&#8221; custom_margin=&#8221;|50px|30px|50px|false|true&#8221; custom_margin_tablet=&#8221;|30px|30px|30px|false|true&#8221; custom_margin_phone=&#8221;|0px||0px|false|true&#8221; custom_margin_last_edited=&#8221;on|phone&#8221; custom_padding=&#8221;20px|50px|20px|50px|true|true&#8221; custom_padding_tablet=&#8221;20px|35px|20px|35px|true|true&#8221; custom_padding_phone=&#8221;20px|20px|20px|20px|true|true&#8221; custom_padding_last_edited=&#8221;on|tablet&#8221; hover_enabled=&#8221;0&#8243; border_radii=&#8221;on|15px|15px|15px|15px&#8221; border_width_all=&#8221;1px&#8221; border_color_all=&#8221;#8b2fed&#8221; global_colors_info=&#8221;{}&#8221; sticky_enabled=&#8221;0&#8243;]<\/p>\n<p style=\"text-align: center;\">The &#8220;R\u00e9seau Interdisciplinaire de Sant\u00e9&#8221; (RISA) is a network of independent healthcare practitioners with a local and regional focus.<\/p>\n<p>[\/et_pb_text][et_pb_text _builder_version=&#8221;4.20.4&#8243; _module_preset=&#8221;default&#8221; header_3_font_size=&#8221;20px&#8221; custom_margin=&#8221;|50px||50px|false|true&#8221; custom_margin_tablet=&#8221;|40px||40px|false|true&#8221; custom_margin_phone=&#8221;|15px||15px|false|true&#8221; custom_margin_last_edited=&#8221;on|phone&#8221; custom_padding=&#8221;||30px||false|false&#8221; hover_enabled=&#8221;0&#8243; global_colors_info=&#8221;{}&#8221; sticky_enabled=&#8221;0&#8243;]<\/p>\n<p>As an association, RISA&#8217;s objectives are as follows:<\/p>\n<p>&nbsp;<\/p>\n<h3>REGARDING THE ASSOCIATION, EACH MEMBER:<\/h3>\n<p>&nbsp;<\/p>\n<ul>\n<li>Actively contributes, through appropriate means, to the realization and promotion of integrative medicine, holistic medicine, and any form of humanistic medicine.<\/li>\n<li>Facilitates professional exchanges among members.<\/li>\n<li>Promotes meetings and exchanges between members with similar concerns.<\/li>\n<li>Seeks the advice of other members regarding patients&#8217; health and treatments when these fall outside the scope of their expertise.<\/li>\n<li>Brings together diverese skills to meet the expectations of patients.<\/li>\n<li>Prioritizes and develops the conditions for a local and regional, sustainable, and transparent integrative healthcare.<\/li>\n<li>Contributes to the integration of newly graduated professionals into the network.<\/li>\n<li>Reflects on social connection and the importance of this connection among our practices, referring to the dynamics of the cultural identity of our network and balancing personal and professional life.<\/li>\n<li>Commits to providing, in addition to their CV and motivation letter, proof of their diplomas, certifications, and administrative documents (including practicing rights and liability insurance) upon written application for admission.<\/li>\n<li>Certifies having read and fully accepted the RISA statutes.<\/li>\n<\/ul>\n<p>&nbsp;<\/p>\n<h3>REGARDING PATIENTS, EACH MEMBER AGREES TO:<\/h3>\n<p>&nbsp;<\/p>\n<ul>\n<li>Receive them with mutual respect.<\/li>\n<li>Act with humanity by respecting their fundamental rights, needs, and freedom of choice.<\/li>\n<li>Listen to conscientiously, taking into account their experiences and environments.<\/li>\n<li>Respond to patients&#8217; questions when they are within their scope of expertise and ensure the understanding of the patient, as well as that of their loved ones and\/or caregivers, if applicable.<\/li>\n<li>Respect their privacy, modesty, and individual personality, as well as the confidentiality of exchanges and safeguard of their health data within the framework of professional secrecy.<\/li>\n<li>Promote prevention at the core of their practice.<\/li>\n<li>Provide them with care as part of their healthcare journey, in collaboration with other healthcare professionals and medico-social actors.<\/li>\n<li>Refer them to another healthcare professional in case of unavailability or for advice and\/or additional care.<\/li>\n<li>Ensure the relevance of their care.<\/li>\n<li>Deliver quality care, particularly following the recommended guidelines that they regularly update through continuous education.<\/li>\n<li>Provide care in compliance with regulations.<\/li>\n<\/ul>\n<p>[\/et_pb_text][et_pb_icon font_icon=&#8221;&#xe033;||divi||400&#8243; icon_color=&#8221;#aa6ded&#8221; icon_width=&#8221;55px&#8221; _builder_version=&#8221;4.20.4&#8243; _module_preset=&#8221;default&#8221; hover_enabled=&#8221;0&#8243; global_colors_info=&#8221;{}&#8221; sticky_enabled=&#8221;0&#8243;][\/et_pb_icon][\/et_pb_column][\/et_pb_row][\/et_pb_section]<\/p>\n","protected":false},"excerpt":{"rendered":"<p>RISA&#8217;s Ethics charterThe &#8220;R\u00e9seau Interdisciplinaire de Sant\u00e9&#8221; (RISA) is a network of independent healthcare practitioners with a local and regional focus.As an association, RISA&#8217;s objectives are as follows: &nbsp; REGARDING THE ASSOCIATION, EACH MEMBER: &nbsp; Actively contributes, through appropriate means, to the realization and promotion of integrative medicine, holistic medicine, and any form of humanistic [&hellip;]<\/p>\n","protected":false},"author":1,"featured_media":0,"parent":0,"menu_order":0,"comment_status":"closed","ping_status":"closed","template":"","meta":{"_et_pb_use_builder":"on","_et_pb_old_content":"","_et_gb_content_width":"","footnotes":""},"class_list":["post-29785","page","type-page","status-publish","hentry"],"yoast_head":"<!-- This site is optimized with the Yoast SEO plugin v27.3 - https:\/\/yoast.com\/product\/yoast-seo-wordpress\/ -->\n<title>Our charter - R\u00e9seau Interdisciplinaire de Sant\u00e9 (RISA)<\/title>\n<meta name=\"robots\" content=\"index, follow, max-snippet:-1, max-image-preview:large, max-video-preview:-1\" \/>\n<link rel=\"canonical\" href=\"https:\/\/ri-sante.ch\/en\/our-charter\/\" \/>\n<meta property=\"og:locale\" content=\"en_US\" \/>\n<meta property=\"og:type\" content=\"article\" \/>\n<meta property=\"og:title\" content=\"Our charter - R\u00e9seau Interdisciplinaire de Sant\u00e9 (RISA)\" \/>\n<meta property=\"og:description\" content=\"RISA&#039;s Ethics charterThe &quot;R\u00e9seau Interdisciplinaire de Sant\u00e9&quot; (RISA) is a network of independent healthcare practitioners with a local and regional focus.As an association, RISA&#039;s objectives are as follows: &nbsp; REGARDING THE ASSOCIATION, EACH MEMBER: &nbsp; Actively contributes, through appropriate means, to the realization and promotion of integrative medicine, holistic medicine, and any form of humanistic [&hellip;]\" \/>\n<meta property=\"og:url\" content=\"https:\/\/ri-sante.ch\/en\/our-charter\/\" \/>\n<meta property=\"og:site_name\" content=\"R\u00e9seau Interdisciplinaire de Sant\u00e9 (RISA)\" \/>\n<meta property=\"article:modified_time\" content=\"2023-06-05T20:23:05+00:00\" \/>\n<meta name=\"twitter:card\" content=\"summary_large_image\" \/>\n<meta name=\"twitter:label1\" content=\"Est. reading time\" \/>\n\t<meta name=\"twitter:data1\" content=\"4 minutes\" \/>\n<script type=\"application\/ld+json\" class=\"yoast-schema-graph\">{\"@context\":\"https:\\\/\\\/schema.org\",\"@graph\":[{\"@type\":\"WebPage\",\"@id\":\"https:\\\/\\\/ri-sante.ch\\\/en\\\/our-charter\\\/\",\"url\":\"https:\\\/\\\/ri-sante.ch\\\/en\\\/our-charter\\\/\",\"name\":\"Our charter - R\u00e9seau Interdisciplinaire de Sant\u00e9 (RISA)\",\"isPartOf\":{\"@id\":\"https:\\\/\\\/ri-sante.ch\\\/en\\\/#website\"},\"datePublished\":\"2023-05-01T08:52:17+00:00\",\"dateModified\":\"2023-06-05T20:23:05+00:00\",\"breadcrumb\":{\"@id\":\"https:\\\/\\\/ri-sante.ch\\\/en\\\/our-charter\\\/#breadcrumb\"},\"inLanguage\":\"en-US\",\"potentialAction\":[{\"@type\":\"ReadAction\",\"target\":[\"https:\\\/\\\/ri-sante.ch\\\/en\\\/our-charter\\\/\"]}]},{\"@type\":\"BreadcrumbList\",\"@id\":\"https:\\\/\\\/ri-sante.ch\\\/en\\\/our-charter\\\/#breadcrumb\",\"itemListElement\":[{\"@type\":\"ListItem\",\"position\":1,\"name\":\"Home\",\"item\":\"https:\\\/\\\/ri-sante.ch\\\/en\\\/home\\\/\"},{\"@type\":\"ListItem\",\"position\":2,\"name\":\"Our charter\"}]},{\"@type\":\"WebSite\",\"@id\":\"https:\\\/\\\/ri-sante.ch\\\/en\\\/#website\",\"url\":\"https:\\\/\\\/ri-sante.ch\\\/en\\\/\",\"name\":\"R\u00e9seau Interdisciplinaire de Sant\u00e9 (RISA)\",\"description\":\"RISA - L&#039;expertise de la m\u00e9decine int\u00e9grative pour une sant\u00e9 globale optimale.\",\"publisher\":{\"@id\":\"https:\\\/\\\/ri-sante.ch\\\/en\\\/#organization\"},\"potentialAction\":[{\"@type\":\"SearchAction\",\"target\":{\"@type\":\"EntryPoint\",\"urlTemplate\":\"https:\\\/\\\/ri-sante.ch\\\/en\\\/?s={search_term_string}\"},\"query-input\":{\"@type\":\"PropertyValueSpecification\",\"valueRequired\":true,\"valueName\":\"search_term_string\"}}],\"inLanguage\":\"en-US\"},{\"@type\":\"Organization\",\"@id\":\"https:\\\/\\\/ri-sante.ch\\\/en\\\/#organization\",\"name\":\"R\u00e9seau Interdisciplinaire de Sant\u00e9 (RISA)\",\"alternateName\":\"R\u00e9seau Interdisciplinaire de Sant\u00e9 (RISA)\",\"url\":\"https:\\\/\\\/ri-sante.ch\\\/en\\\/\",\"logo\":{\"@type\":\"ImageObject\",\"inLanguage\":\"en-US\",\"@id\":\"https:\\\/\\\/ri-sante.ch\\\/en\\\/#\\\/schema\\\/logo\\\/image\\\/\",\"url\":\"https:\\\/\\\/ri-sante.ch\\\/wp-content\\\/uploads\\\/2023\\\/05\\\/Screenshot-2023-04-14-at-10.37.51.png\",\"contentUrl\":\"https:\\\/\\\/ri-sante.ch\\\/wp-content\\\/uploads\\\/2023\\\/05\\\/Screenshot-2023-04-14-at-10.37.51.png\",\"width\":516,\"height\":240,\"caption\":\"R\u00e9seau Interdisciplinaire de Sant\u00e9 (RISA)\"},\"image\":{\"@id\":\"https:\\\/\\\/ri-sante.ch\\\/en\\\/#\\\/schema\\\/logo\\\/image\\\/\"}}]}<\/script>\n<!-- \/ Yoast SEO plugin. -->","yoast_head_json":{"title":"Our charter - R\u00e9seau Interdisciplinaire de Sant\u00e9 (RISA)","robots":{"index":"index","follow":"follow","max-snippet":"max-snippet:-1","max-image-preview":"max-image-preview:large","max-video-preview":"max-video-preview:-1"},"canonical":"https:\/\/ri-sante.ch\/en\/our-charter\/","og_locale":"en_US","og_type":"article","og_title":"Our charter - R\u00e9seau Interdisciplinaire de Sant\u00e9 (RISA)","og_description":"RISA's Ethics charterThe \"R\u00e9seau Interdisciplinaire de Sant\u00e9\" (RISA) is a network of independent healthcare practitioners with a local and regional focus.As an association, RISA's objectives are as follows: &nbsp; REGARDING THE ASSOCIATION, EACH MEMBER: &nbsp; Actively contributes, through appropriate means, to the realization and promotion of integrative medicine, holistic medicine, and any form of humanistic [&hellip;]","og_url":"https:\/\/ri-sante.ch\/en\/our-charter\/","og_site_name":"R\u00e9seau Interdisciplinaire de Sant\u00e9 (RISA)","article_modified_time":"2023-06-05T20:23:05+00:00","twitter_card":"summary_large_image","twitter_misc":{"Est. reading time":"4 minutes"},"schema":{"@context":"https:\/\/schema.org","@graph":[{"@type":"WebPage","@id":"https:\/\/ri-sante.ch\/en\/our-charter\/","url":"https:\/\/ri-sante.ch\/en\/our-charter\/","name":"Our charter - R\u00e9seau Interdisciplinaire de Sant\u00e9 (RISA)","isPartOf":{"@id":"https:\/\/ri-sante.ch\/en\/#website"},"datePublished":"2023-05-01T08:52:17+00:00","dateModified":"2023-06-05T20:23:05+00:00","breadcrumb":{"@id":"https:\/\/ri-sante.ch\/en\/our-charter\/#breadcrumb"},"inLanguage":"en-US","potentialAction":[{"@type":"ReadAction","target":["https:\/\/ri-sante.ch\/en\/our-charter\/"]}]},{"@type":"BreadcrumbList","@id":"https:\/\/ri-sante.ch\/en\/our-charter\/#breadcrumb","itemListElement":[{"@type":"ListItem","position":1,"name":"Home","item":"https:\/\/ri-sante.ch\/en\/home\/"},{"@type":"ListItem","position":2,"name":"Our charter"}]},{"@type":"WebSite","@id":"https:\/\/ri-sante.ch\/en\/#website","url":"https:\/\/ri-sante.ch\/en\/","name":"R\u00e9seau Interdisciplinaire de Sant\u00e9 (RISA)","description":"RISA - L&#039;expertise de la m\u00e9decine int\u00e9grative pour une sant\u00e9 globale optimale.","publisher":{"@id":"https:\/\/ri-sante.ch\/en\/#organization"},"potentialAction":[{"@type":"SearchAction","target":{"@type":"EntryPoint","urlTemplate":"https:\/\/ri-sante.ch\/en\/?s={search_term_string}"},"query-input":{"@type":"PropertyValueSpecification","valueRequired":true,"valueName":"search_term_string"}}],"inLanguage":"en-US"},{"@type":"Organization","@id":"https:\/\/ri-sante.ch\/en\/#organization","name":"R\u00e9seau Interdisciplinaire de Sant\u00e9 (RISA)","alternateName":"R\u00e9seau Interdisciplinaire de Sant\u00e9 (RISA)","url":"https:\/\/ri-sante.ch\/en\/","logo":{"@type":"ImageObject","inLanguage":"en-US","@id":"https:\/\/ri-sante.ch\/en\/#\/schema\/logo\/image\/","url":"https:\/\/ri-sante.ch\/wp-content\/uploads\/2023\/05\/Screenshot-2023-04-14-at-10.37.51.png","contentUrl":"https:\/\/ri-sante.ch\/wp-content\/uploads\/2023\/05\/Screenshot-2023-04-14-at-10.37.51.png","width":516,"height":240,"caption":"R\u00e9seau Interdisciplinaire de Sant\u00e9 (RISA)"},"image":{"@id":"https:\/\/ri-sante.ch\/en\/#\/schema\/logo\/image\/"}}]}},"_links":{"self":[{"href":"https:\/\/ri-sante.ch\/en\/wp-json\/wp\/v2\/pages\/29785","targetHints":{"allow":["GET"]}}],"collection":[{"href":"https:\/\/ri-sante.ch\/en\/wp-json\/wp\/v2\/pages"}],"about":[{"href":"https:\/\/ri-sante.ch\/en\/wp-json\/wp\/v2\/types\/page"}],"author":[{"embeddable":true,"href":"https:\/\/ri-sante.ch\/en\/wp-json\/wp\/v2\/users\/1"}],"replies":[{"embeddable":true,"href":"https:\/\/ri-sante.ch\/en\/wp-json\/wp\/v2\/comments?post=29785"}],"version-history":[{"count":8,"href":"https:\/\/ri-sante.ch\/en\/wp-json\/wp\/v2\/pages\/29785\/revisions"}],"predecessor-version":[{"id":29834,"href":"https:\/\/ri-sante.ch\/en\/wp-json\/wp\/v2\/pages\/29785\/revisions\/29834"}],"wp:attachment":[{"href":"https:\/\/ri-sante.ch\/en\/wp-json\/wp\/v2\/media?parent=29785"}],"curies":[{"name":"wp","href":"https:\/\/api.w.org\/{rel}","templated":true}]}}